{"id":19,"date":"2024-02-02T16:28:08","date_gmt":"2024-02-02T16:28:08","guid":{"rendered":"https:\/\/fisioterapiacostarica.com\/?page_id=19"},"modified":"2024-02-02T17:51:52","modified_gmt":"2024-02-02T17:51:52","slug":"contactenos","status":"publish","type":"page","link":"https:\/\/fisioterapiacostarica.com\/index.php\/contactenos\/","title":{"rendered":"Cont\u00e1ctenos"},"content":{"rendered":"<div dir=\"auto\">\u00a1Contamos con los profesionales calificados para atender su lesi\u00f3n!<\/div>\n<div dir=\"auto\">Presentas alg\u00fan tipo de dolor muscular que no se te quita con medicamentos , te podemos ayudar .<\/div>\n<div dir=\"auto\">Valoraci\u00f3n y Tratamiento Fisioterapeutico .<\/div>\n<div dir=\"auto\">Cont\u00e1ctenos.<\/div>\n<div dir=\"auto\">Cita previa 8706-8465.<\/div>\n<div dir=\"auto\">Vis\u00edtanos al sitio web<\/div>\n<div dir=\"auto\"><a class=\"x1i10hfl xjbqb8w x1ejq31n xd10rxx x1sy0etr x17r0tee x972fbf xcfux6l x1qhh985 xm0m39n x9f619 x1ypdohk xt0psk2 xe8uvvx xdj266r x11i5rnm xat24cr x1mh8g0r xexx8yu x4uap5 x18d9i69 xkhd6sd x16tdsg8 x1hl2dhg xggy1nq x1a2a7pz xt0b8zv x1fey0fg\" tabindex=\"0\" role=\"link\" href=\"http:\/\/www.fisioterapiacostarica.com\/?fbclid=IwAR1HNfqkDJ_S--giP1-i74JCYU5rK8fLl6AS7Nrs3EqMl1qdLoEh492e3gA\" target=\"_blank\" rel=\"nofollow noopener noreferrer\">www.fisioterapiacostarica.com<\/a><\/div>\n","protected":false},"excerpt":{"rendered":"<p>\u00a1Contamos con los profesionales calificados para atender su lesi\u00f3n! Presentas alg\u00fan tipo de dolor muscular que no se te quita con medicamentos , te podemos ayudar . Valoraci\u00f3n y Tratamiento Fisioterapeutico . Cont\u00e1ctenos. Cita previa 8706-8465. Vis\u00edtanos al sitio web www.fisioterapiacostarica.com<\/p>\n","protected":false},"author":1,"featured_media":43,"parent":0,"menu_order":0,"comment_status":"closed","ping_status":"closed","template":"","meta":{"footnotes":""},"class_list":["post-19","page","type-page","status-publish","has-post-thumbnail","hentry"],"_links":{"self":[{"href":"https:\/\/fisioterapiacostarica.com\/index.php\/wp-json\/wp\/v2\/pages\/19","targetHints":{"allow":["GET"]}}],"collection":[{"href":"https:\/\/fisioterapiacostarica.com\/index.php\/wp-json\/wp\/v2\/pages"}],"about":[{"href":"https:\/\/fisioterapiacostarica.com\/index.php\/wp-json\/wp\/v2\/types\/page"}],"author":[{"embeddable":true,"href":"https:\/\/fisioterapiacostarica.com\/index.php\/wp-json\/wp\/v2\/users\/1"}],"replies":[{"embeddable":true,"href":"https:\/\/fisioterapiacostarica.com\/index.php\/wp-json\/wp\/v2\/comments?post=19"}],"version-history":[{"count":2,"href":"https:\/\/fisioterapiacostarica.com\/index.php\/wp-json\/wp\/v2\/pages\/19\/revisions"}],"predecessor-version":[{"id":70,"href":"https:\/\/fisioterapiacostarica.com\/index.php\/wp-json\/wp\/v2\/pages\/19\/revisions\/70"}],"wp:featuredmedia":[{"embeddable":true,"href":"https:\/\/fisioterapiacostarica.com\/index.php\/wp-json\/wp\/v2\/media\/43"}],"wp:attachment":[{"href":"https:\/\/fisioterapiacostarica.com\/index.php\/wp-json\/wp\/v2\/media?parent=19"}],"curies":[{"name":"wp","href":"https:\/\/api.w.org\/{rel}","templated":true}]}}